{"id":28684,"date":"2025-02-24T12:24:23","date_gmt":"2025-02-24T11:24:23","guid":{"rendered":"https:\/\/aristeaspa.it\/compromiso-con-la-sostenibilidad\/"},"modified":"2026-02-06T20:14:26","modified_gmt":"2026-02-06T19:14:26","slug":"compromiso-con-la-sostenibilidad","status":"publish","type":"page","link":"https:\/\/aristeaspa.it\/es\/compromiso-con-la-sostenibilidad\/","title":{"rendered":"Compromiso con la sostenibilidad"},"content":{"rendered":"\t\t<div data-elementor-type=\"wp-page\" data-elementor-id=\"28684\" class=\"elementor elementor-28684 elementor-28426\">\n\t\t\t\t\t\t<div class=\"elementor-section elementor-top-section elementor-element elementor-element-a8102c9 elementor-section-full_width elementor-section-height-min-height elementor-section-stretched elementor-section-height-default elementor-section-items-middle\" data-id=\"a8102c9\" data-element_type=\"section\" data-e-type=\"section\" data-settings=\"{&quot;stretch_section&quot;:&quot;section-stretched&quot;,&quot;background_background&quot;:&quot;classic&quot;}\">\n\t\t\t\t\t\t\t<div class=\"elementor-background-overlay\"><\/div>\n\t\t\t\t\t\t\t<div class=\"elementor-container elementor-column-gap-default\">\n\t\t\t\t\t<div class=\"elementor-column elementor-col-100 elementor-top-column elementor-element elementor-element-b59c1f0\" data-id=\"b59c1f0\" data-element_type=\"column\" data-e-type=\"column\">\n\t\t\t<div class=\"elementor-widget-wrap elementor-element-populated\">\n\t\t\t\t\t\t<div class=\"elementor-element elementor-element-f2d4e3b elementor-widget__width-initial elementor-widget elementor-widget-heading\" data-id=\"f2d4e3b\" data-element_type=\"widget\" data-e-type=\"widget\" data-widget_type=\"heading.default\">\n\t\t\t\t<div class=\"elementor-widget-container\">\n\t\t\t\t\t<h3 class=\"elementor-heading-title elementor-size-default\">COMPROMISO CON LA SOSTENIBILIDAD<\/h3>\t\t\t\t<\/div>\n\t\t\t\t<\/div>\n\t\t\t\t\t<\/div>\n\t\t<\/div>\n\t\t\t\t\t<\/div>\n\t\t<\/div>\n\t\t\t\t<section class=\"elementor-section elementor-top-section elementor-element elementor-element-a3cab20 elementor-section-boxed elementor-section-height-default elementor-section-height-default\" data-id=\"a3cab20\" data-element_type=\"section\" data-e-type=\"section\">\n\t\t\t\t\t\t<div class=\"elementor-container elementor-column-gap-default\">\n\t\t\t\t\t<div class=\"elementor-column elementor-col-100 elementor-top-column elementor-element elementor-element-ad96326\" data-id=\"ad96326\" data-element_type=\"column\" data-e-type=\"column\">\n\t\t\t<div class=\"elementor-widget-wrap elementor-element-populated\">\n\t\t\t\t\t\t<section class=\"elementor-section elementor-inner-section elementor-element elementor-element-a1eb775 elementor-section-boxed elementor-section-height-default elementor-section-height-default\" data-id=\"a1eb775\" data-element_type=\"section\" data-e-type=\"section\">\n\t\t\t\t\t\t<div class=\"elementor-container elementor-column-gap-default\">\n\t\t\t\t\t<div class=\"elementor-column elementor-col-50 elementor-inner-column elementor-element elementor-element-065d7a1\" data-id=\"065d7a1\" data-element_type=\"column\" data-e-type=\"column\">\n\t\t\t<div class=\"elementor-widget-wrap elementor-element-populated\">\n\t\t\t\t\t\t<div class=\"elementor-element elementor-element-fd9ddcb elementor-widget elementor-widget-image\" data-id=\"fd9ddcb\" data-element_type=\"widget\" data-e-type=\"widget\" data-widget_type=\"image.default\">\n\t\t\t\t<div class=\"elementor-widget-container\">\n\t\t\t\t\t\t\t\t\t\t\t\t\t\t\t\t<a href=\"https:\/\/aristeaspa.it\/wp-content\/uploads\/2025\/02\/POLITICA-SGI-ARISTEA-SPA-E5R0-web1.pdf\" target=\"_blank\">\n\t\t\t\t\t\t\t<img fetchpriority=\"high\" decoding=\"async\" width=\"724\" height=\"1024\" src=\"https:\/\/aristeaspa.it\/wp-content\/uploads\/2025\/02\/POLITICA-SGI-ARISTEA-SPA-E5R0-web1_page-0001-724x1024.jpg\" class=\"attachment-large size-large wp-image-28685\" alt=\"\" srcset=\"https:\/\/aristeaspa.it\/wp-content\/uploads\/2025\/02\/POLITICA-SGI-ARISTEA-SPA-E5R0-web1_page-0001-724x1024.jpg 724w, https:\/\/aristeaspa.it\/wp-content\/uploads\/2025\/02\/POLITICA-SGI-ARISTEA-SPA-E5R0-web1_page-0001-212x300.jpg 212w, https:\/\/aristeaspa.it\/wp-content\/uploads\/2025\/02\/POLITICA-SGI-ARISTEA-SPA-E5R0-web1_page-0001-768x1086.jpg 768w, https:\/\/aristeaspa.it\/wp-content\/uploads\/2025\/02\/POLITICA-SGI-ARISTEA-SPA-E5R0-web1_page-0001-1086x1536.jpg 1086w, https:\/\/aristeaspa.it\/wp-content\/uploads\/2025\/02\/POLITICA-SGI-ARISTEA-SPA-E5R0-web1_page-0001-450x636.jpg 450w, https:\/\/aristeaspa.it\/wp-content\/uploads\/2025\/02\/POLITICA-SGI-ARISTEA-SPA-E5R0-web1_page-0001-800x1131.jpg 800w, https:\/\/aristeaspa.it\/wp-content\/uploads\/2025\/02\/POLITICA-SGI-ARISTEA-SPA-E5R0-web1_page-0001.jpg 1241w\" sizes=\"(max-width: 724px) 100vw, 724px\" \/>\t\t\t\t\t\t\t\t<\/a>\n\t\t\t\t\t\t\t\t\t\t\t\t\t\t\t<\/div>\n\t\t\t\t<\/div>\n\t\t\t\t<div class=\"elementor-element elementor-element-e747043 elementor-widget elementor-widget-heading\" data-id=\"e747043\" data-element_type=\"widget\" data-e-type=\"widget\" data-widget_type=\"heading.default\">\n\t\t\t\t<div class=\"elementor-widget-container\">\n\t\t\t\t\t<p class=\"elementor-heading-title elementor-size-default\"><a href=\"https:\/\/aristeaspa.it\/wp-content\/uploads\/2025\/02\/POLITICA-SGI-ARISTEA-SPA-E5R0-web1.pdf\" target=\"_blank\">Pol\u00edtica del Sistema de Gesti\u00f3n Integrado QAS y Responsabilidad Social<\/a><\/p>\t\t\t\t<\/div>\n\t\t\t\t<\/div>\n\t\t\t\t<div class=\"elementor-element elementor-element-38205e4 elementor-align-center button-style-shopio-yes elementor-widget elementor-widget-button\" data-id=\"38205e4\" data-element_type=\"widget\" data-e-type=\"widget\" data-widget_type=\"button.default\">\n\t\t\t\t<div class=\"elementor-widget-container\">\n\t\t\t\t\t\t\t\t\t<div class=\"elementor-button-wrapper\">\n\t\t\t\t\t<a class=\"elementor-button elementor-button-link elementor-size-sm\" href=\"https:\/\/aristeaspa.it\/wp-content\/uploads\/2025\/02\/POLITICA-SGI-ARISTEA-SPA-E5R0-web1.pdf\">\n\t\t\t\t\t\t<span class=\"elementor-button-content-wrapper\">\n\t\t\t\t\t\t\t\t\t<span class=\"elementor-button-text\">DESCARGAR<\/span>\n\t\t\t\t\t<\/span>\n\t\t\t\t\t<\/a>\n\t\t\t\t<\/div>\n\t\t\t\t\t\t\t\t<\/div>\n\t\t\t\t<\/div>\n\t\t\t\t\t<\/div>\n\t\t<\/div>\n\t\t\t\t<div class=\"elementor-column elementor-col-50 elementor-inner-column elementor-element elementor-element-9b85da8\" data-id=\"9b85da8\" data-element_type=\"column\" data-e-type=\"column\">\n\t\t\t<div class=\"elementor-widget-wrap elementor-element-populated\">\n\t\t\t\t\t\t<div class=\"elementor-element elementor-element-fa1dc4b elementor-widget elementor-widget-image\" data-id=\"fa1dc4b\" data-element_type=\"widget\" data-e-type=\"widget\" data-widget_type=\"image.default\">\n\t\t\t\t<div class=\"elementor-widget-container\">\n\t\t\t\t\t\t\t\t\t\t\t\t\t\t\t\t<a href=\"https:\/\/aristeaspa.it\/wp-content\/uploads\/2025\/02\/POLITICA-SGQ-ARISTEA-SPA-E5R0-web2.pdf\" target=\"_blank\">\n\t\t\t\t\t\t\t<img decoding=\"async\" width=\"724\" height=\"1024\" src=\"https:\/\/aristeaspa.it\/wp-content\/uploads\/2025\/02\/POLITICA-SGQ-ARISTEA-SPA-E5R0-web2_page-0001-724x1024.jpg\" class=\"attachment-large size-large wp-image-28686\" alt=\"\" srcset=\"https:\/\/aristeaspa.it\/wp-content\/uploads\/2025\/02\/POLITICA-SGQ-ARISTEA-SPA-E5R0-web2_page-0001-724x1024.jpg 724w, https:\/\/aristeaspa.it\/wp-content\/uploads\/2025\/02\/POLITICA-SGQ-ARISTEA-SPA-E5R0-web2_page-0001-212x300.jpg 212w, https:\/\/aristeaspa.it\/wp-content\/uploads\/2025\/02\/POLITICA-SGQ-ARISTEA-SPA-E5R0-web2_page-0001-768x1086.jpg 768w, https:\/\/aristeaspa.it\/wp-content\/uploads\/2025\/02\/POLITICA-SGQ-ARISTEA-SPA-E5R0-web2_page-0001-1086x1536.jpg 1086w, https:\/\/aristeaspa.it\/wp-content\/uploads\/2025\/02\/POLITICA-SGQ-ARISTEA-SPA-E5R0-web2_page-0001-450x636.jpg 450w, https:\/\/aristeaspa.it\/wp-content\/uploads\/2025\/02\/POLITICA-SGQ-ARISTEA-SPA-E5R0-web2_page-0001-800x1131.jpg 800w, https:\/\/aristeaspa.it\/wp-content\/uploads\/2025\/02\/POLITICA-SGQ-ARISTEA-SPA-E5R0-web2_page-0001.jpg 1241w\" sizes=\"(max-width: 724px) 100vw, 724px\" \/>\t\t\t\t\t\t\t\t<\/a>\n\t\t\t\t\t\t\t\t\t\t\t\t\t\t\t<\/div>\n\t\t\t\t<\/div>\n\t\t\t\t<div class=\"elementor-element elementor-element-2bf39a9 elementor-widget elementor-widget-heading\" data-id=\"2bf39a9\" data-element_type=\"widget\" data-e-type=\"widget\" data-widget_type=\"heading.default\">\n\t\t\t\t<div class=\"elementor-widget-container\">\n\t\t\t\t\t<p class=\"elementor-heading-title elementor-size-default\"><a href=\"https:\/\/aristeaspa.it\/wp-content\/uploads\/2025\/02\/POLITICA-SGQ-ARISTEA-SPA-E5R0-web2.pdf\" target=\"_blank\">POL\u00cdTICA DE CALIDAD<\/a><\/p>\t\t\t\t<\/div>\n\t\t\t\t<\/div>\n\t\t\t\t<div class=\"elementor-element elementor-element-b647d6c elementor-align-center button-style-shopio-yes elementor-widget elementor-widget-button\" data-id=\"b647d6c\" data-element_type=\"widget\" data-e-type=\"widget\" data-widget_type=\"button.default\">\n\t\t\t\t<div class=\"elementor-widget-container\">\n\t\t\t\t\t\t\t\t\t<div class=\"elementor-button-wrapper\">\n\t\t\t\t\t<a class=\"elementor-button elementor-button-link elementor-size-sm\" href=\"https:\/\/aristeaspa.it\/wp-content\/uploads\/2025\/02\/POLITICA-SGQ-ARISTEA-SPA-E5R0-web2.pdf\">\n\t\t\t\t\t\t<span class=\"elementor-button-content-wrapper\">\n\t\t\t\t\t\t\t\t\t<span class=\"elementor-button-text\">DESCARGAR<\/span>\n\t\t\t\t\t<\/span>\n\t\t\t\t\t<\/a>\n\t\t\t\t<\/div>\n\t\t\t\t\t\t\t\t<\/div>\n\t\t\t\t<\/div>\n\t\t\t\t\t<\/div>\n\t\t<\/div>\n\t\t\t\t\t<\/div>\n\t\t<\/section>\n\t\t\t\t\t<\/div>\n\t\t<\/div>\n\t\t\t\t\t<\/div>\n\t\t<\/section>\n\t\t\t\t<section class=\"elementor-section elementor-top-section elementor-element elementor-element-ab93186 elementor-section-boxed elementor-section-height-default elementor-section-height-default\" data-id=\"ab93186\" data-element_type=\"section\" data-e-type=\"section\">\n\t\t\t\t\t\t<div class=\"elementor-container elementor-column-gap-default\">\n\t\t\t\t\t<div class=\"elementor-column elementor-col-100 elementor-top-column elementor-element elementor-element-2c3a3e6\" data-id=\"2c3a3e6\" data-element_type=\"column\" data-e-type=\"column\">\n\t\t\t<div class=\"elementor-widget-wrap elementor-element-populated\">\n\t\t\t\t\t\t<section class=\"elementor-section elementor-inner-section elementor-element elementor-element-96cd2c2 elementor-section-boxed elementor-section-height-default elementor-section-height-default\" data-id=\"96cd2c2\" data-element_type=\"section\" data-e-type=\"section\">\n\t\t\t\t\t\t<div class=\"elementor-container elementor-column-gap-default\">\n\t\t\t\t\t<div class=\"elementor-column elementor-col-50 elementor-inner-column elementor-element elementor-element-7dc99d8\" data-id=\"7dc99d8\" data-element_type=\"column\" data-e-type=\"column\">\n\t\t\t<div class=\"elementor-widget-wrap elementor-element-populated\">\n\t\t\t\t\t\t<div class=\"elementor-element elementor-element-a895608 elementor-widget elementor-widget-image\" data-id=\"a895608\" data-element_type=\"widget\" data-e-type=\"widget\" data-widget_type=\"image.default\">\n\t\t\t\t<div class=\"elementor-widget-container\">\n\t\t\t\t\t\t\t\t\t\t\t\t\t\t\t\t<a href=\"https:\/\/aristeaspa.it\/wp-content\/uploads\/2025\/02\/POLITICA-SGA-ARISTEA-SPA-E5R0-web3.pdf\" target=\"_blank\">\n\t\t\t\t\t\t\t<img decoding=\"async\" width=\"724\" height=\"1024\" src=\"https:\/\/aristeaspa.it\/wp-content\/uploads\/2025\/02\/POLITICA-SGA-ARISTEA-SPA-E5R0-web3_page-0001-724x1024.jpg\" class=\"attachment-large size-large wp-image-28687\" alt=\"\" srcset=\"https:\/\/aristeaspa.it\/wp-content\/uploads\/2025\/02\/POLITICA-SGA-ARISTEA-SPA-E5R0-web3_page-0001-724x1024.jpg 724w, https:\/\/aristeaspa.it\/wp-content\/uploads\/2025\/02\/POLITICA-SGA-ARISTEA-SPA-E5R0-web3_page-0001-212x300.jpg 212w, https:\/\/aristeaspa.it\/wp-content\/uploads\/2025\/02\/POLITICA-SGA-ARISTEA-SPA-E5R0-web3_page-0001-768x1086.jpg 768w, https:\/\/aristeaspa.it\/wp-content\/uploads\/2025\/02\/POLITICA-SGA-ARISTEA-SPA-E5R0-web3_page-0001-1086x1536.jpg 1086w, https:\/\/aristeaspa.it\/wp-content\/uploads\/2025\/02\/POLITICA-SGA-ARISTEA-SPA-E5R0-web3_page-0001-450x636.jpg 450w, https:\/\/aristeaspa.it\/wp-content\/uploads\/2025\/02\/POLITICA-SGA-ARISTEA-SPA-E5R0-web3_page-0001-800x1131.jpg 800w, https:\/\/aristeaspa.it\/wp-content\/uploads\/2025\/02\/POLITICA-SGA-ARISTEA-SPA-E5R0-web3_page-0001.jpg 1241w\" sizes=\"(max-width: 724px) 100vw, 724px\" \/>\t\t\t\t\t\t\t\t<\/a>\n\t\t\t\t\t\t\t\t\t\t\t\t\t\t\t<\/div>\n\t\t\t\t<\/div>\n\t\t\t\t<div class=\"elementor-element elementor-element-adbaeef elementor-widget elementor-widget-heading\" data-id=\"adbaeef\" data-element_type=\"widget\" data-e-type=\"widget\" data-widget_type=\"heading.default\">\n\t\t\t\t<div class=\"elementor-widget-container\">\n\t\t\t\t\t<p class=\"elementor-heading-title elementor-size-default\"><a href=\"https:\/\/aristeaspa.it\/wp-content\/uploads\/2025\/02\/POLITICA-SGA-ARISTEA-SPA-E5R0-web3.pdf\" target=\"_blank\"> Pol\u00edtica de Medio Ambiente<\/a><\/p>\t\t\t\t<\/div>\n\t\t\t\t<\/div>\n\t\t\t\t<div class=\"elementor-element elementor-element-22c13e4 elementor-align-center button-style-shopio-yes elementor-widget elementor-widget-button\" data-id=\"22c13e4\" data-element_type=\"widget\" data-e-type=\"widget\" data-widget_type=\"button.default\">\n\t\t\t\t<div class=\"elementor-widget-container\">\n\t\t\t\t\t\t\t\t\t<div class=\"elementor-button-wrapper\">\n\t\t\t\t\t<a class=\"elementor-button elementor-button-link elementor-size-sm\" href=\"https:\/\/aristeaspa.it\/wp-content\/uploads\/2025\/02\/POLITICA-SGA-ARISTEA-SPA-E5R0-web3.pdf\">\n\t\t\t\t\t\t<span class=\"elementor-button-content-wrapper\">\n\t\t\t\t\t\t\t\t\t<span class=\"elementor-button-text\">DESCARGAR<\/span>\n\t\t\t\t\t<\/span>\n\t\t\t\t\t<\/a>\n\t\t\t\t<\/div>\n\t\t\t\t\t\t\t\t<\/div>\n\t\t\t\t<\/div>\n\t\t\t\t\t<\/div>\n\t\t<\/div>\n\t\t\t\t<div class=\"elementor-column elementor-col-50 elementor-inner-column elementor-element elementor-element-7fcbb9e\" data-id=\"7fcbb9e\" data-element_type=\"column\" data-e-type=\"column\">\n\t\t\t<div class=\"elementor-widget-wrap elementor-element-populated\">\n\t\t\t\t\t\t<div class=\"elementor-element elementor-element-edb08f6 elementor-widget elementor-widget-image\" data-id=\"edb08f6\" data-element_type=\"widget\" data-e-type=\"widget\" data-widget_type=\"image.default\">\n\t\t\t\t<div class=\"elementor-widget-container\">\n\t\t\t\t\t\t\t\t\t\t\t\t\t\t\t\t<a href=\"https:\/\/aristeaspa.it\/wp-content\/uploads\/2025\/02\/POLITICA-SCR-ARISTEA-SPA-E5R0-web4.pdf\" target=\"_blank\">\n\t\t\t\t\t\t\t<img loading=\"lazy\" decoding=\"async\" width=\"724\" height=\"1024\" src=\"https:\/\/aristeaspa.it\/wp-content\/uploads\/2025\/02\/POLITICA-SCR-ARISTEA-SPA-E5R0-web4_page-0001-724x1024.jpg\" class=\"attachment-large size-large wp-image-28688\" alt=\"\" srcset=\"https:\/\/aristeaspa.it\/wp-content\/uploads\/2025\/02\/POLITICA-SCR-ARISTEA-SPA-E5R0-web4_page-0001-724x1024.jpg 724w, https:\/\/aristeaspa.it\/wp-content\/uploads\/2025\/02\/POLITICA-SCR-ARISTEA-SPA-E5R0-web4_page-0001-212x300.jpg 212w, https:\/\/aristeaspa.it\/wp-content\/uploads\/2025\/02\/POLITICA-SCR-ARISTEA-SPA-E5R0-web4_page-0001-768x1086.jpg 768w, https:\/\/aristeaspa.it\/wp-content\/uploads\/2025\/02\/POLITICA-SCR-ARISTEA-SPA-E5R0-web4_page-0001-1086x1536.jpg 1086w, https:\/\/aristeaspa.it\/wp-content\/uploads\/2025\/02\/POLITICA-SCR-ARISTEA-SPA-E5R0-web4_page-0001-450x636.jpg 450w, https:\/\/aristeaspa.it\/wp-content\/uploads\/2025\/02\/POLITICA-SCR-ARISTEA-SPA-E5R0-web4_page-0001-800x1131.jpg 800w, https:\/\/aristeaspa.it\/wp-content\/uploads\/2025\/02\/POLITICA-SCR-ARISTEA-SPA-E5R0-web4_page-0001.jpg 1241w\" sizes=\"(max-width: 724px) 100vw, 724px\" \/>\t\t\t\t\t\t\t\t<\/a>\n\t\t\t\t\t\t\t\t\t\t\t\t\t\t\t<\/div>\n\t\t\t\t<\/div>\n\t\t\t\t<div class=\"elementor-element elementor-element-2043476 elementor-widget elementor-widget-heading\" data-id=\"2043476\" data-element_type=\"widget\" data-e-type=\"widget\" data-widget_type=\"heading.default\">\n\t\t\t\t<div class=\"elementor-widget-container\">\n\t\t\t\t\t<p class=\"elementor-heading-title elementor-size-default\"><a href=\"https:\/\/aristeaspa.it\/wp-content\/uploads\/2025\/02\/POLITICA-SCR-ARISTEA-SPA-E5R0-web4.pdf\" target=\"_blank\">Pol\u00edtica de Salud y Seguridad de los trabajadores<\/a><\/p>\t\t\t\t<\/div>\n\t\t\t\t<\/div>\n\t\t\t\t<div class=\"elementor-element elementor-element-024be59 elementor-align-center button-style-shopio-yes elementor-widget elementor-widget-button\" data-id=\"024be59\" data-element_type=\"widget\" data-e-type=\"widget\" data-widget_type=\"button.default\">\n\t\t\t\t<div class=\"elementor-widget-container\">\n\t\t\t\t\t\t\t\t\t<div class=\"elementor-button-wrapper\">\n\t\t\t\t\t<a class=\"elementor-button elementor-button-link elementor-size-sm\" href=\"https:\/\/aristeaspa.it\/wp-content\/uploads\/2025\/02\/POLITICA-SCR-ARISTEA-SPA-E5R0-web4.pdf\">\n\t\t\t\t\t\t<span class=\"elementor-button-content-wrapper\">\n\t\t\t\t\t\t\t\t\t<span class=\"elementor-button-text\">DESCARGAR<\/span>\n\t\t\t\t\t<\/span>\n\t\t\t\t\t<\/a>\n\t\t\t\t<\/div>\n\t\t\t\t\t\t\t\t<\/div>\n\t\t\t\t<\/div>\n\t\t\t\t\t<\/div>\n\t\t<\/div>\n\t\t\t\t\t<\/div>\n\t\t<\/section>\n\t\t\t\t\t<\/div>\n\t\t<\/div>\n\t\t\t\t\t<\/div>\n\t\t<\/section>\n\t\t\t\t<section class=\"elementor-section elementor-top-section elementor-element elementor-element-1e6e352 elementor-section-boxed elementor-section-height-default elementor-section-height-default\" data-id=\"1e6e352\" data-element_type=\"section\" data-e-type=\"section\">\n\t\t\t\t\t\t<div class=\"elementor-container elementor-column-gap-default\">\n\t\t\t\t\t<div class=\"elementor-column elementor-col-100 elementor-top-column elementor-element elementor-element-9cf9dc4\" data-id=\"9cf9dc4\" data-element_type=\"column\" data-e-type=\"column\">\n\t\t\t<div class=\"elementor-widget-wrap elementor-element-populated\">\n\t\t\t\t\t\t<section class=\"elementor-section elementor-inner-section elementor-element elementor-element-b48b9a6 elementor-section-boxed elementor-section-height-default elementor-section-height-default\" data-id=\"b48b9a6\" data-element_type=\"section\" data-e-type=\"section\">\n\t\t\t\t\t\t<div class=\"elementor-container elementor-column-gap-default\">\n\t\t\t\t\t<div class=\"elementor-column elementor-col-50 elementor-inner-column elementor-element elementor-element-12bfa67\" data-id=\"12bfa67\" data-element_type=\"column\" data-e-type=\"column\">\n\t\t\t<div class=\"elementor-widget-wrap elementor-element-populated\">\n\t\t\t\t\t\t<div class=\"elementor-element elementor-element-b7471c2 elementor-widget elementor-widget-image\" data-id=\"b7471c2\" data-element_type=\"widget\" data-e-type=\"widget\" data-widget_type=\"image.default\">\n\t\t\t\t<div class=\"elementor-widget-container\">\n\t\t\t\t\t\t\t\t\t\t\t\t\t\t\t\t<a href=\"https:\/\/aristeaspa.it\/wp-content\/uploads\/2025\/02\/POLITICA-FSC-ARISTEA-SPA-E5R0-web5.pdf\" target=\"_blank\">\n\t\t\t\t\t\t\t<img loading=\"lazy\" decoding=\"async\" width=\"724\" height=\"1024\" src=\"https:\/\/aristeaspa.it\/wp-content\/uploads\/2025\/02\/POLITICA-FSC-ARISTEA-SPA-E5R0-web5_page-0001-724x1024.jpg\" class=\"attachment-large size-large wp-image-28689\" alt=\"\" srcset=\"https:\/\/aristeaspa.it\/wp-content\/uploads\/2025\/02\/POLITICA-FSC-ARISTEA-SPA-E5R0-web5_page-0001-724x1024.jpg 724w, https:\/\/aristeaspa.it\/wp-content\/uploads\/2025\/02\/POLITICA-FSC-ARISTEA-SPA-E5R0-web5_page-0001-212x300.jpg 212w, https:\/\/aristeaspa.it\/wp-content\/uploads\/2025\/02\/POLITICA-FSC-ARISTEA-SPA-E5R0-web5_page-0001-768x1086.jpg 768w, https:\/\/aristeaspa.it\/wp-content\/uploads\/2025\/02\/POLITICA-FSC-ARISTEA-SPA-E5R0-web5_page-0001-1086x1536.jpg 1086w, https:\/\/aristeaspa.it\/wp-content\/uploads\/2025\/02\/POLITICA-FSC-ARISTEA-SPA-E5R0-web5_page-0001-450x636.jpg 450w, https:\/\/aristeaspa.it\/wp-content\/uploads\/2025\/02\/POLITICA-FSC-ARISTEA-SPA-E5R0-web5_page-0001-800x1131.jpg 800w, https:\/\/aristeaspa.it\/wp-content\/uploads\/2025\/02\/POLITICA-FSC-ARISTEA-SPA-E5R0-web5_page-0001.jpg 1241w\" sizes=\"(max-width: 724px) 100vw, 724px\" \/>\t\t\t\t\t\t\t\t<\/a>\n\t\t\t\t\t\t\t\t\t\t\t\t\t\t\t<\/div>\n\t\t\t\t<\/div>\n\t\t\t\t<div class=\"elementor-element elementor-element-48b6add elementor-widget elementor-widget-heading\" data-id=\"48b6add\" data-element_type=\"widget\" data-e-type=\"widget\" data-widget_type=\"heading.default\">\n\t\t\t\t<div class=\"elementor-widget-container\">\n\t\t\t\t\t<p class=\"elementor-heading-title elementor-size-default\"><a href=\"https:\/\/aristeaspa.it\/wp-content\/uploads\/2025\/02\/POLITICA-FSC-ARISTEA-SPA-E5R0-web5.pdf\" target=\"_blank\">Pol\u00edtica FSC para los requisitos fundamentales del trabajo<\/a><\/p>\t\t\t\t<\/div>\n\t\t\t\t<\/div>\n\t\t\t\t<div class=\"elementor-element elementor-element-41d5297 elementor-align-center button-style-shopio-yes elementor-widget elementor-widget-button\" data-id=\"41d5297\" data-element_type=\"widget\" data-e-type=\"widget\" data-widget_type=\"button.default\">\n\t\t\t\t<div class=\"elementor-widget-container\">\n\t\t\t\t\t\t\t\t\t<div class=\"elementor-button-wrapper\">\n\t\t\t\t\t<a class=\"elementor-button elementor-button-link elementor-size-sm\" href=\"https:\/\/aristeaspa.it\/wp-content\/uploads\/2025\/02\/POLITICA-FSC-ARISTEA-SPA-E5R0-web5.pdf\">\n\t\t\t\t\t\t<span class=\"elementor-button-content-wrapper\">\n\t\t\t\t\t\t\t\t\t<span class=\"elementor-button-text\">DESCARGAR<\/span>\n\t\t\t\t\t<\/span>\n\t\t\t\t\t<\/a>\n\t\t\t\t<\/div>\n\t\t\t\t\t\t\t\t<\/div>\n\t\t\t\t<\/div>\n\t\t\t\t\t<\/div>\n\t\t<\/div>\n\t\t\t\t<div class=\"elementor-column elementor-col-50 elementor-inner-column elementor-element elementor-element-684806c\" data-id=\"684806c\" data-element_type=\"column\" data-e-type=\"column\">\n\t\t\t<div class=\"elementor-widget-wrap elementor-element-populated\">\n\t\t\t\t\t\t<div class=\"elementor-element elementor-element-773900b elementor-widget elementor-widget-image\" data-id=\"773900b\" data-element_type=\"widget\" data-e-type=\"widget\" data-widget_type=\"image.default\">\n\t\t\t\t<div class=\"elementor-widget-container\">\n\t\t\t\t\t\t\t\t\t\t\t\t\t\t\t\t<a href=\"https:\/\/aristeaspa.it\/wp-content\/uploads\/2025\/02\/POLITICA-SA8000-ARISTEA-SPA-E5R0-web6.pdf\" target=\"_blank\">\n\t\t\t\t\t\t\t<img loading=\"lazy\" decoding=\"async\" width=\"724\" height=\"1024\" src=\"https:\/\/aristeaspa.it\/wp-content\/uploads\/2025\/02\/POLITICA-SA8000-ARISTEA-SPA-E5R0-web6_page-0001-724x1024.jpg\" class=\"attachment-large size-large wp-image-28691\" alt=\"\" srcset=\"https:\/\/aristeaspa.it\/wp-content\/uploads\/2025\/02\/POLITICA-SA8000-ARISTEA-SPA-E5R0-web6_page-0001-724x1024.jpg 724w, https:\/\/aristeaspa.it\/wp-content\/uploads\/2025\/02\/POLITICA-SA8000-ARISTEA-SPA-E5R0-web6_page-0001-212x300.jpg 212w, https:\/\/aristeaspa.it\/wp-content\/uploads\/2025\/02\/POLITICA-SA8000-ARISTEA-SPA-E5R0-web6_page-0001-768x1086.jpg 768w, https:\/\/aristeaspa.it\/wp-content\/uploads\/2025\/02\/POLITICA-SA8000-ARISTEA-SPA-E5R0-web6_page-0001-1086x1536.jpg 1086w, https:\/\/aristeaspa.it\/wp-content\/uploads\/2025\/02\/POLITICA-SA8000-ARISTEA-SPA-E5R0-web6_page-0001-450x636.jpg 450w, https:\/\/aristeaspa.it\/wp-content\/uploads\/2025\/02\/POLITICA-SA8000-ARISTEA-SPA-E5R0-web6_page-0001-800x1131.jpg 800w, https:\/\/aristeaspa.it\/wp-content\/uploads\/2025\/02\/POLITICA-SA8000-ARISTEA-SPA-E5R0-web6_page-0001.jpg 1241w\" sizes=\"(max-width: 724px) 100vw, 724px\" \/>\t\t\t\t\t\t\t\t<\/a>\n\t\t\t\t\t\t\t\t\t\t\t\t\t\t\t<\/div>\n\t\t\t\t<\/div>\n\t\t\t\t<div class=\"elementor-element elementor-element-3a42a24 elementor-widget elementor-widget-heading\" data-id=\"3a42a24\" data-element_type=\"widget\" data-e-type=\"widget\" data-widget_type=\"heading.default\">\n\t\t\t\t<div class=\"elementor-widget-container\">\n\t\t\t\t\t<p class=\"elementor-heading-title elementor-size-default\"><a href=\"https:\/\/aristeaspa.it\/wp-content\/uploads\/2025\/02\/POLITICA-SA8000-ARISTEA-SPA-E5R0-web6.pdf\" target=\"_blank\">Pol\u00edtica de Responsabilidad Social<\/a><\/p>\t\t\t\t<\/div>\n\t\t\t\t<\/div>\n\t\t\t\t<div class=\"elementor-element elementor-element-e7a3915 elementor-align-center button-style-shopio-yes elementor-widget elementor-widget-button\" data-id=\"e7a3915\" data-element_type=\"widget\" data-e-type=\"widget\" data-widget_type=\"button.default\">\n\t\t\t\t<div class=\"elementor-widget-container\">\n\t\t\t\t\t\t\t\t\t<div class=\"elementor-button-wrapper\">\n\t\t\t\t\t<a class=\"elementor-button elementor-button-link elementor-size-sm\" href=\"https:\/\/aristeaspa.it\/wp-content\/uploads\/2025\/02\/POLITICA-SA8000-ARISTEA-SPA-E5R0-web6.pdf\">\n\t\t\t\t\t\t<span class=\"elementor-button-content-wrapper\">\n\t\t\t\t\t\t\t\t\t<span class=\"elementor-button-text\">DESCARGAR<\/span>\n\t\t\t\t\t<\/span>\n\t\t\t\t\t<\/a>\n\t\t\t\t<\/div>\n\t\t\t\t\t\t\t\t<\/div>\n\t\t\t\t<\/div>\n\t\t\t\t\t<\/div>\n\t\t<\/div>\n\t\t\t\t\t<\/div>\n\t\t<\/section>\n\t\t\t\t\t<\/div>\n\t\t<\/div>\n\t\t\t\t\t<\/div>\n\t\t<\/section>\n\t\t\t\t<\/div>\n\t\t","protected":false},"excerpt":{"rendered":"<p>COMPROMISO CON LA SOSTENIBILIDAD Pol\u00edtica del Sistema de Gesti\u00f3n Integrado QAS y Responsabilidad Social DESCARGAR POL\u00cdTICA DE CALIDAD DESCARGAR Pol\u00edtica de Medio Ambiente DESCARGAR Pol\u00edtica de Salud y Seguridad de los trabajadores DESCARGAR Pol\u00edtica FSC para los requisitos fundamentales del trabajo DESCARGAR Pol\u00edtica de Responsabilidad Social DESCARGAR<\/p>\n","protected":false},"author":2,"featured_media":0,"parent":0,"menu_order":0,"comment_status":"closed","ping_status":"closed","template":"template-homepage.php","meta":{"inline_featured_image":false,"footnotes":""},"class_list":["post-28684","page","type-page","status-publish","hentry"],"_links":{"self":[{"href":"https:\/\/aristeaspa.it\/es\/wp-json\/wp\/v2\/pages\/28684","targetHints":{"allow":["GET"]}}],"collection":[{"href":"https:\/\/aristeaspa.it\/es\/wp-json\/wp\/v2\/pages"}],"about":[{"href":"https:\/\/aristeaspa.it\/es\/wp-json\/wp\/v2\/types\/page"}],"author":[{"embeddable":true,"href":"https:\/\/aristeaspa.it\/es\/wp-json\/wp\/v2\/users\/2"}],"replies":[{"embeddable":true,"href":"https:\/\/aristeaspa.it\/es\/wp-json\/wp\/v2\/comments?post=28684"}],"version-history":[{"count":1,"href":"https:\/\/aristeaspa.it\/es\/wp-json\/wp\/v2\/pages\/28684\/revisions"}],"predecessor-version":[{"id":28694,"href":"https:\/\/aristeaspa.it\/es\/wp-json\/wp\/v2\/pages\/28684\/revisions\/28694"}],"wp:attachment":[{"href":"https:\/\/aristeaspa.it\/es\/wp-json\/wp\/v2\/media?parent=28684"}],"curies":[{"name":"wp","href":"https:\/\/api.w.org\/{rel}","templated":true}]}}