{"id":28668,"date":"2024-02-04T17:14:17","date_gmt":"2024-02-04T16:14:17","guid":{"rendered":"https:\/\/aristeaspa.it\/noticias\/"},"modified":"2026-02-06T20:14:09","modified_gmt":"2026-02-06T19:14:09","slug":"noticias","status":"publish","type":"page","link":"https:\/\/aristeaspa.it\/es\/noticias\/","title":{"rendered":"Noticias"},"content":{"rendered":"\t\t<div data-elementor-type=\"wp-page\" data-elementor-id=\"28668\" class=\"elementor elementor-28668 elementor-28068\">\n\t\t\t\t\t\t<section class=\"elementor-section elementor-top-section elementor-element elementor-element-ae2ba30 elementor-section-boxed elementor-section-height-default elementor-section-height-default\" data-id=\"ae2ba30\" data-element_type=\"section\" data-e-type=\"section\">\n\t\t\t\t\t\t<div class=\"elementor-container elementor-column-gap-wider\">\n\t\t\t\t\t<div class=\"elementor-column elementor-col-66 elementor-top-column elementor-element elementor-element-101caa5\" data-id=\"101caa5\" data-element_type=\"column\" data-e-type=\"column\">\n\t\t\t<div class=\"elementor-widget-wrap elementor-element-populated\">\n\t\t\t\t\n\t\t<div class=\"elementor-element elementor-element-c27f167 arrow-style-1 elementor-widget elementor-widget-shopio-post-grid\" data-id=\"c27f167\" data-element_type=\"widget\" data-e-type=\"widget\" data-widget_type=\"shopio-post-grid.default\">\n\t\t\t\t<div class=\"elementor-widget-container\">\n\t\t\t\t\t        <div class=\"elementor-post-wrapper layout-post-style-3\">\n            <div class=\"row\" data-elementor-columns=\"1\" data-elementor-columns-tablet=\"2\" data-elementor-columns-mobile=\"1\">\n\n                <div class=\"column-item post-style-3\">\n    <div class=\"post-inner\">\n        <div class=\"post-thumbnail\"><div class=\"posted-on-square\"><a href=\"https:\/\/aristeaspa.it\/es\/aristea-recibe-una-ayuda-para-el-proyecto-de-sostenibilidad-plastop\/\" rel=\"bookmark\"><b>6<\/b>Feb<\/a><\/div><img fetchpriority=\"high\" decoding=\"async\" width=\"820\" height=\"500\" src=\"https:\/\/aristeaspa.it\/wp-content\/uploads\/2025\/03\/scoperta-imprenditoriale-820x500.jpeg\" class=\"attachment-shopio-post-grid size-shopio-post-grid wp-post-image\" alt=\"\" \/><\/div>        <div class=\"entry-content\">\n            <div class=\"entry-meta\">\n                 <div class=\"categories-link\"><span class=\"screen-reader-text\">Categories<\/span><a href=\"https:\/\/aristeaspa.it\/es\/category\/noticias\/\" rel=\"category tag\">Noticias<\/a><\/div> <div class=\"post-author\"><span><a href=\"https:\/\/aristeaspa.it\/es\/author\/m-ferrigno\/\" class=\"url fn\" rel=\"author\">m.ferrigno<\/a><\/span><\/div>            <div class=\"meta-reply\">\n                <span>Comentarios desactivados<span class=\"screen-reader-text\"> en ARISTEA Recibe una Ayuda para el Proyecto de Sostenibilidad PLASTOP<\/span><\/span>            <\/div>\n                        <\/div>\n            <h3 class=\"entry-title\"><a href=\"https:\/\/aristeaspa.it\/es\/aristea-recibe-una-ayuda-para-el-proyecto-de-sostenibilidad-plastop\/\" rel=\"bookmark\">ARISTEA Recibe una Ayuda para el Proyecto de Sostenibilidad PLASTOP<\/a><\/h3>            <p>Mediante el decreto de concesi\u00f3n n. 593 del 13-03-2025, se ha concedido a Aristea Spa una ayuda total de 1.436.322,00 \u20ac, con una inversi\u00f3n admitida&hellip;<\/p>\n            <div class=\"more-link-wrap\">\n                <a class=\"more-link\" href=\"https:\/\/aristeaspa.it\/es\/aristea-recibe-una-ayuda-para-el-proyecto-de-sostenibilidad-plastop\/\">Read More<i class=\"shopio-icon-right-arrow\"><\/i><\/a>\n            <\/div>\n        <\/div>\n    <\/div>\n<\/div>\n<div class=\"column-item post-style-3\">\n    <div class=\"post-inner\">\n        <div class=\"post-thumbnail\"><div class=\"posted-on-square\"><a href=\"https:\/\/aristeaspa.it\/es\/entrevista-en-gdoweek\/\" rel=\"bookmark\"><b>6<\/b>Feb<\/a><\/div><img decoding=\"async\" width=\"720\" height=\"500\" src=\"https:\/\/aristeaspa.it\/wp-content\/uploads\/2024\/04\/WhatsApp-Image-2024-04-10-at-12.36.13-720x500.jpeg\" class=\"attachment-shopio-post-grid size-shopio-post-grid wp-post-image\" alt=\"\" \/><\/div>        <div class=\"entry-content\">\n            <div class=\"entry-meta\">\n                 <div class=\"categories-link\"><span class=\"screen-reader-text\">Categories<\/span><a href=\"https:\/\/aristeaspa.it\/es\/category\/entrevistas\/\" rel=\"category tag\">Entrevistas<\/a><\/div> <div class=\"post-author\"><span><a href=\"https:\/\/aristeaspa.it\/es\/author\/m-ferrigno\/\" class=\"url fn\" rel=\"author\">m.ferrigno<\/a><\/span><\/div>            <div class=\"meta-reply\">\n                <span>Comentarios desactivados<span class=\"screen-reader-text\"> en Entrevista en GDOWeek<\/span><\/span>            <\/div>\n                        <\/div>\n            <h3 class=\"entry-title\"><a href=\"https:\/\/aristeaspa.it\/es\/entrevista-en-gdoweek\/\" rel=\"bookmark\">Entrevista en GDOWeek<\/a><\/h3>            <p>En GDOWeek ha salido un art\u00edculo con una entrevista a Guido Del Vecchio, director de ventas de Aristea s.p.a. Hablamos de los \u00faltimos retos de&hellip;<\/p>\n            <div class=\"more-link-wrap\">\n                <a class=\"more-link\" href=\"https:\/\/aristeaspa.it\/es\/entrevista-en-gdoweek\/\">Read More<i class=\"shopio-icon-right-arrow\"><\/i><\/a>\n            <\/div>\n        <\/div>\n    <\/div>\n<\/div>\n<div class=\"column-item post-style-3\">\n    <div class=\"post-inner\">\n        <div class=\"post-thumbnail\"><div class=\"posted-on-square\"><a href=\"https:\/\/aristeaspa.it\/es\/losapeviche-3\/\" rel=\"bookmark\"><b>6<\/b>Feb<\/a><\/div><img decoding=\"async\" width=\"820\" height=\"500\" src=\"https:\/\/aristeaspa.it\/wp-content\/uploads\/2021\/12\/Aristea-blog-1200x675-2-820x500.jpg\" class=\"attachment-shopio-post-grid size-shopio-post-grid wp-post-image\" alt=\"\" \/><\/div>        <div class=\"entry-content\">\n            <div class=\"entry-meta\">\n                 <div class=\"categories-link\"><span class=\"screen-reader-text\">Categories<\/span><a href=\"https:\/\/aristeaspa.it\/es\/category\/losapeviche\/\" rel=\"category tag\">#LoSapeviChe\u2026<\/a><\/div> <div class=\"post-author\"><span><a href=\"https:\/\/aristeaspa.it\/es\/author\/miriam\/\" class=\"url fn\" rel=\"author\">miriam<\/a><\/span><\/div>            <div class=\"meta-reply\">\n                <span>Comentarios desactivados<span class=\"screen-reader-text\"> en #LoSapeviChe\u2026<\/span><\/span>            <\/div>\n                        <\/div>\n            <h3 class=\"entry-title\"><a href=\"https:\/\/aristeaspa.it\/es\/losapeviche-3\/\" rel=\"bookmark\">#LoSapeviChe\u2026<\/a><\/h3>            <p>Project Circleg es el nombre de la startup de Z\u00farich que une el reciclaje virtuoso al concepto de proyecto solidario. Gracias al pl\u00e1stico recuperado en&hellip;<\/p>\n            <div class=\"more-link-wrap\">\n                <a class=\"more-link\" href=\"https:\/\/aristeaspa.it\/es\/losapeviche-3\/\">Read More<i class=\"shopio-icon-right-arrow\"><\/i><\/a>\n            <\/div>\n        <\/div>\n    <\/div>\n<\/div>\n<div class=\"column-item post-style-3\">\n    <div class=\"post-inner\">\n        <div class=\"post-thumbnail\"><div class=\"posted-on-square\"><a href=\"https:\/\/aristeaspa.it\/es\/losapeviche-2\/\" rel=\"bookmark\"><b>6<\/b>Feb<\/a><\/div><img loading=\"lazy\" decoding=\"async\" width=\"820\" height=\"500\" src=\"https:\/\/aristeaspa.it\/wp-content\/uploads\/2021\/12\/Aristea-blog-1-1200x675-1-820x500.jpg\" class=\"attachment-shopio-post-grid size-shopio-post-grid wp-post-image\" alt=\"\" \/><\/div>        <div class=\"entry-content\">\n            <div class=\"entry-meta\">\n                 <div class=\"categories-link\"><span class=\"screen-reader-text\">Categories<\/span><a href=\"https:\/\/aristeaspa.it\/es\/category\/losapeviche\/\" rel=\"category tag\">#LoSapeviChe\u2026<\/a><\/div> <div class=\"post-author\"><span><a href=\"https:\/\/aristeaspa.it\/es\/author\/miriam\/\" class=\"url fn\" rel=\"author\">miriam<\/a><\/span><\/div>            <div class=\"meta-reply\">\n                <span>Comentarios desactivados<span class=\"screen-reader-text\"> en #LoSapeviChe\u2026<\/span><\/span>            <\/div>\n                        <\/div>\n            <h3 class=\"entry-title\"><a href=\"https:\/\/aristeaspa.it\/es\/losapeviche-2\/\" rel=\"bookmark\">#LoSapeviChe\u2026<\/a><\/h3>            <p>En muchas ocasiones hemos hablado de econom\u00eda circular como soluci\u00f3n al problema de la contaminaci\u00f3n sin, no obstante, renunciar a la absoluta utilidad y funcionalidad&hellip;<\/p>\n            <div class=\"more-link-wrap\">\n                <a class=\"more-link\" href=\"https:\/\/aristeaspa.it\/es\/losapeviche-2\/\">Read More<i class=\"shopio-icon-right-arrow\"><\/i><\/a>\n            <\/div>\n        <\/div>\n    <\/div>\n<\/div>\n<div class=\"column-item post-style-3\">\n    <div class=\"post-inner\">\n        <div class=\"post-thumbnail\"><div class=\"posted-on-square\"><a href=\"https:\/\/aristeaspa.it\/es\/losapeviche\/\" rel=\"bookmark\"><b>6<\/b>Feb<\/a><\/div><img loading=\"lazy\" decoding=\"async\" width=\"820\" height=\"500\" src=\"https:\/\/aristeaspa.it\/wp-content\/uploads\/2021\/12\/Aristea-blog-1200x675-1-820x500.jpg\" class=\"attachment-shopio-post-grid size-shopio-post-grid wp-post-image\" alt=\"\" \/><\/div>        <div class=\"entry-content\">\n            <div class=\"entry-meta\">\n                 <div class=\"categories-link\"><span class=\"screen-reader-text\">Categories<\/span><a href=\"https:\/\/aristeaspa.it\/es\/category\/losapeviche\/\" rel=\"category tag\">#LoSapeviChe\u2026<\/a><\/div> <div class=\"post-author\"><span><a href=\"https:\/\/aristeaspa.it\/es\/author\/miriam\/\" class=\"url fn\" rel=\"author\">miriam<\/a><\/span><\/div>            <div class=\"meta-reply\">\n                <span>Comentarios desactivados<span class=\"screen-reader-text\"> en #LoSapeviChe\u2026<\/span><\/span>            <\/div>\n                        <\/div>\n            <h3 class=\"entry-title\"><a href=\"https:\/\/aristeaspa.it\/es\/losapeviche\/\" rel=\"bookmark\">#LoSapeviChe\u2026<\/a><\/h3>            <p>El pabell\u00f3n de Italia en Expo 2020 est\u00e1 realizado casi en su totalidad con materiales reciclados. Adem\u00e1s del pl\u00e1stico, que es el m\u00e1s presente, est\u00e1n&hellip;<\/p>\n            <div class=\"more-link-wrap\">\n                <a class=\"more-link\" href=\"https:\/\/aristeaspa.it\/es\/losapeviche\/\">Read More<i class=\"shopio-icon-right-arrow\"><\/i><\/a>\n            <\/div>\n        <\/div>\n    <\/div>\n<\/div>\n            <\/div>\n\n                    <\/div>\n        \t\t\t\t<\/div>\n\t\t\t\t<\/div>\n\t\t\t\t\t<\/div>\n\t\t<\/div>\n\t\t\t\t<div class=\"elementor-column elementor-col-33 elementor-top-column elementor-element elementor-element-f835dfc\" data-id=\"f835dfc\" data-element_type=\"column\" data-e-type=\"column\">\n\t\t\t<div class=\"elementor-widget-wrap elementor-element-populated\">\n\t\t\t\t\t\t<div class=\"elementor-element elementor-element-a83f487 elementor-widget elementor-widget-sidebar\" data-id=\"a83f487\" data-element_type=\"widget\" data-e-type=\"widget\" data-widget_type=\"sidebar.default\">\n\t\t\t\t<div class=\"elementor-widget-container\">\n\t\t\t\t\t<div id=\"block-2\" class=\"widget widget_block widget_search\"><form role=\"search\" method=\"get\" action=\"https:\/\/aristeaspa.it\/es\/\" class=\"wp-block-search__button-outside wp-block-search__text-button wp-block-search\"    ><label class=\"wp-block-search__label\" for=\"wp-block-search__input-1\" >Buscar<\/label><div class=\"wp-block-search__inside-wrapper\" ><input class=\"wp-block-search__input\" id=\"wp-block-search__input-1\" placeholder=\"\" value=\"\" type=\"search\" name=\"s\" required \/><button aria-label=\"Buscar\" class=\"wp-block-search__button wp-element-button\" type=\"submit\" >Buscar<\/button><\/div><\/form><\/div>\t\t<div id=\"recent-posts-1\" class=\"widget widget_recent_entries\">\t\t<span class=\"gamma widget-title\"><span>Recent Posts<\/span><\/span>\t\t<ul>\n\t\t\t\t\t\t\t\t\t\t\t<li>\n\t\t\t\t\t<div class=\"recent-posts-thumbnail\">\n\t\t\t\t\t\t<a href=\"https:\/\/aristeaspa.it\/es\/aristea-recibe-una-ayuda-para-el-proyecto-de-sostenibilidad-plastop\/\">\n\t\t\t\t\t\t\t<img loading=\"lazy\" decoding=\"async\" width=\"150\" height=\"150\" src=\"https:\/\/aristeaspa.it\/wp-content\/uploads\/2025\/03\/scoperta-imprenditoriale-150x150.jpeg\" class=\"attachment-thumbnail size-thumbnail wp-post-image\" alt=\"\" srcset=\"https:\/\/aristeaspa.it\/wp-content\/uploads\/2025\/03\/scoperta-imprenditoriale-150x150.jpeg 150w, https:\/\/aristeaspa.it\/wp-content\/uploads\/2025\/03\/scoperta-imprenditoriale-100x100.jpeg 100w, https:\/\/aristeaspa.it\/wp-content\/uploads\/2025\/03\/scoperta-imprenditoriale-50x50.jpeg 50w, https:\/\/aristeaspa.it\/wp-content\/uploads\/2025\/03\/scoperta-imprenditoriale-600x600.jpeg 600w, https:\/\/aristeaspa.it\/wp-content\/uploads\/2025\/03\/scoperta-imprenditoriale-96x96.jpeg 96w, https:\/\/aristeaspa.it\/wp-content\/uploads\/2025\/03\/scoperta-imprenditoriale-460x460.jpeg 460w\" sizes=\"(max-width: 150px) 100vw, 150px\" \/>\t\t\t\t\t\t<\/a>\n\t\t\t\t\t<\/div>\n\t\t\t\t\t<div class=\"recent-posts-info\">\n                        \t\t\t\t\t\t<h4 class=\"post-title\"><a href=\"https:\/\/aristeaspa.it\/es\/aristea-recibe-una-ayuda-para-el-proyecto-de-sostenibilidad-plastop\/\">ARISTEA Recibe una Ayuda para el Proyecto de Sostenibilidad PLASTOP<\/a><\/h4>\n\t\t\t\t\t<\/div>\n\n\t\t\t\t<\/li>\n\t\t\t\t\t\t\t\t\t\t\t<li>\n\t\t\t\t\t<div class=\"recent-posts-thumbnail\">\n\t\t\t\t\t\t<a href=\"https:\/\/aristeaspa.it\/es\/entrevista-en-gdoweek\/\">\n\t\t\t\t\t\t\t<img loading=\"lazy\" decoding=\"async\" width=\"150\" height=\"150\" src=\"https:\/\/aristeaspa.it\/wp-content\/uploads\/2024\/04\/WhatsApp-Image-2024-04-10-at-12.36.13-150x150.jpeg\" class=\"attachment-thumbnail size-thumbnail wp-post-image\" alt=\"\" srcset=\"https:\/\/aristeaspa.it\/wp-content\/uploads\/2024\/04\/WhatsApp-Image-2024-04-10-at-12.36.13-150x150.jpeg 150w, https:\/\/aristeaspa.it\/wp-content\/uploads\/2024\/04\/WhatsApp-Image-2024-04-10-at-12.36.13-100x100.jpeg 100w, https:\/\/aristeaspa.it\/wp-content\/uploads\/2024\/04\/WhatsApp-Image-2024-04-10-at-12.36.13-50x50.jpeg 50w, https:\/\/aristeaspa.it\/wp-content\/uploads\/2024\/04\/WhatsApp-Image-2024-04-10-at-12.36.13-600x600.jpeg 600w, https:\/\/aristeaspa.it\/wp-content\/uploads\/2024\/04\/WhatsApp-Image-2024-04-10-at-12.36.13-96x96.jpeg 96w, https:\/\/aristeaspa.it\/wp-content\/uploads\/2024\/04\/WhatsApp-Image-2024-04-10-at-12.36.13-460x460.jpeg 460w\" sizes=\"(max-width: 150px) 100vw, 150px\" \/>\t\t\t\t\t\t<\/a>\n\t\t\t\t\t<\/div>\n\t\t\t\t\t<div class=\"recent-posts-info\">\n                        \t\t\t\t\t\t<h4 class=\"post-title\"><a href=\"https:\/\/aristeaspa.it\/es\/entrevista-en-gdoweek\/\">Entrevista en GDOWeek<\/a><\/h4>\n\t\t\t\t\t<\/div>\n\n\t\t\t\t<\/li>\n\t\t\t\t\t\t\t\t\t\t\t<li>\n\t\t\t\t\t<div class=\"recent-posts-thumbnail\">\n\t\t\t\t\t\t<a href=\"https:\/\/aristeaspa.it\/es\/losapeviche-3\/\">\n\t\t\t\t\t\t\t<img loading=\"lazy\" decoding=\"async\" width=\"150\" height=\"150\" src=\"https:\/\/aristeaspa.it\/wp-content\/uploads\/2021\/12\/Aristea-blog-1200x675-2-150x150.jpg\" class=\"attachment-thumbnail size-thumbnail wp-post-image\" alt=\"\" srcset=\"https:\/\/aristeaspa.it\/wp-content\/uploads\/2021\/12\/Aristea-blog-1200x675-2-150x150.jpg 150w, https:\/\/aristeaspa.it\/wp-content\/uploads\/2021\/12\/Aristea-blog-1200x675-2-100x100.jpg 100w, https:\/\/aristeaspa.it\/wp-content\/uploads\/2021\/12\/Aristea-blog-1200x675-2-50x50.jpg 50w, https:\/\/aristeaspa.it\/wp-content\/uploads\/2021\/12\/Aristea-blog-1200x675-2-600x600.jpg 600w, https:\/\/aristeaspa.it\/wp-content\/uploads\/2021\/12\/Aristea-blog-1200x675-2-96x96.jpg 96w, https:\/\/aristeaspa.it\/wp-content\/uploads\/2021\/12\/Aristea-blog-1200x675-2-460x460.jpg 460w\" sizes=\"(max-width: 150px) 100vw, 150px\" \/>\t\t\t\t\t\t<\/a>\n\t\t\t\t\t<\/div>\n\t\t\t\t\t<div class=\"recent-posts-info\">\n                        \t\t\t\t\t\t<h4 class=\"post-title\"><a href=\"https:\/\/aristeaspa.it\/es\/losapeviche-3\/\">#LoSapeviChe\u2026<\/a><\/h4>\n\t\t\t\t\t<\/div>\n\n\t\t\t\t<\/li>\n\t\t\t\t\t\t\t\t\t\t\t<li>\n\t\t\t\t\t<div class=\"recent-posts-thumbnail\">\n\t\t\t\t\t\t<a href=\"https:\/\/aristeaspa.it\/es\/losapeviche-2\/\">\n\t\t\t\t\t\t\t<img loading=\"lazy\" decoding=\"async\" width=\"150\" height=\"150\" src=\"https:\/\/aristeaspa.it\/wp-content\/uploads\/2021\/12\/Aristea-blog-1-1200x675-1-150x150.jpg\" class=\"attachment-thumbnail size-thumbnail wp-post-image\" alt=\"\" srcset=\"https:\/\/aristeaspa.it\/wp-content\/uploads\/2021\/12\/Aristea-blog-1-1200x675-1-150x150.jpg 150w, https:\/\/aristeaspa.it\/wp-content\/uploads\/2021\/12\/Aristea-blog-1-1200x675-1-100x100.jpg 100w, https:\/\/aristeaspa.it\/wp-content\/uploads\/2021\/12\/Aristea-blog-1-1200x675-1-50x50.jpg 50w, https:\/\/aristeaspa.it\/wp-content\/uploads\/2021\/12\/Aristea-blog-1-1200x675-1-600x600.jpg 600w, https:\/\/aristeaspa.it\/wp-content\/uploads\/2021\/12\/Aristea-blog-1-1200x675-1-96x96.jpg 96w, https:\/\/aristeaspa.it\/wp-content\/uploads\/2021\/12\/Aristea-blog-1-1200x675-1-460x460.jpg 460w\" sizes=\"(max-width: 150px) 100vw, 150px\" \/>\t\t\t\t\t\t<\/a>\n\t\t\t\t\t<\/div>\n\t\t\t\t\t<div class=\"recent-posts-info\">\n                        \t\t\t\t\t\t<h4 class=\"post-title\"><a href=\"https:\/\/aristeaspa.it\/es\/losapeviche-2\/\">#LoSapeviChe\u2026<\/a><\/h4>\n\t\t\t\t\t<\/div>\n\n\t\t\t\t<\/li>\n\t\t\t\t\t\t\t\t\t\t\t<li>\n\t\t\t\t\t<div class=\"recent-posts-thumbnail\">\n\t\t\t\t\t\t<a href=\"https:\/\/aristeaspa.it\/es\/losapeviche\/\">\n\t\t\t\t\t\t\t<img loading=\"lazy\" decoding=\"async\" width=\"150\" height=\"150\" src=\"https:\/\/aristeaspa.it\/wp-content\/uploads\/2021\/12\/Aristea-blog-1200x675-1-150x150.jpg\" class=\"attachment-thumbnail size-thumbnail wp-post-image\" alt=\"\" srcset=\"https:\/\/aristeaspa.it\/wp-content\/uploads\/2021\/12\/Aristea-blog-1200x675-1-150x150.jpg 150w, https:\/\/aristeaspa.it\/wp-content\/uploads\/2021\/12\/Aristea-blog-1200x675-1-100x100.jpg 100w, https:\/\/aristeaspa.it\/wp-content\/uploads\/2021\/12\/Aristea-blog-1200x675-1-50x50.jpg 50w, https:\/\/aristeaspa.it\/wp-content\/uploads\/2021\/12\/Aristea-blog-1200x675-1-600x600.jpg 600w, https:\/\/aristeaspa.it\/wp-content\/uploads\/2021\/12\/Aristea-blog-1200x675-1-96x96.jpg 96w, https:\/\/aristeaspa.it\/wp-content\/uploads\/2021\/12\/Aristea-blog-1200x675-1-460x460.jpg 460w\" sizes=\"(max-width: 150px) 100vw, 150px\" \/>\t\t\t\t\t\t<\/a>\n\t\t\t\t\t<\/div>\n\t\t\t\t\t<div class=\"recent-posts-info\">\n                        \t\t\t\t\t\t<h4 class=\"post-title\"><a href=\"https:\/\/aristeaspa.it\/es\/losapeviche\/\">#LoSapeviChe\u2026<\/a><\/h4>\n\t\t\t\t\t<\/div>\n\n\t\t\t\t<\/li>\n\t\t\t\t\t<\/ul>\n\t\t<\/div><div id=\"categories-1\" class=\"widget widget_categories\"><span class=\"gamma widget-title\"><span>Blog Categories<\/span><\/span>\n\t\t\t<ul>\n\t\t\t\t\t<li class=\"cat-item cat-item-249\"><a href=\"https:\/\/aristeaspa.it\/es\/category\/losapeviche\/\">#LoSapeviChe\u2026<\/a>\n<\/li>\n\t<li class=\"cat-item cat-item-252\"><a href=\"https:\/\/aristeaspa.it\/es\/category\/entrevistas\/\">Entrevistas<\/a>\n<\/li>\n\t<li class=\"cat-item cat-item-254\"><a href=\"https:\/\/aristeaspa.it\/es\/category\/noticias\/\">Noticias<\/a>\n<\/li>\n\t\t\t<\/ul>\n\n\t\t\t<\/div>\t\t\t\t<\/div>\n\t\t\t\t<\/div>\n\t\t\t\t\t<\/div>\n\t\t<\/div>\n\t\t\t\t\t<\/div>\n\t\t<\/section>\n\t\t\t\t<\/div>\n\t\t","protected":false},"excerpt":{"rendered":"<p>24Mar CategorieNews m.ferrigno Commenti disabilitati su ARISTEA Riceve Agevolazione per il Progetto di Sostenibilit\u00e0 PLASTOP ARISTEA Riceve Agevolazione per il Progetto di Sostenibilit\u00e0 PLASTOP Con il decreto di concessione n. 593 del 13-03-2025 \u00e8 stata concessa alla Aristea Spa un\u2019agevolazione complessiva pari ad \u20ac 1.436.322,00 a fronte di un&hellip; Leggi di pi\u00f9 11Apr CategorieInterviste m.ferrigno [&hellip;]<\/p>\n","protected":false},"author":2,"featured_media":0,"parent":0,"menu_order":0,"comment_status":"closed","ping_status":"closed","template":"","meta":{"inline_featured_image":false,"footnotes":""},"class_list":["post-28668","page","type-page","status-publish","hentry"],"_links":{"self":[{"href":"https:\/\/aristeaspa.it\/es\/wp-json\/wp\/v2\/pages\/28668","targetHints":{"allow":["GET"]}}],"collection":[{"href":"https:\/\/aristeaspa.it\/es\/wp-json\/wp\/v2\/pages"}],"about":[{"href":"https:\/\/aristeaspa.it\/es\/wp-json\/wp\/v2\/types\/page"}],"author":[{"embeddable":true,"href":"https:\/\/aristeaspa.it\/es\/wp-json\/wp\/v2\/users\/2"}],"replies":[{"embeddable":true,"href":"https:\/\/aristeaspa.it\/es\/wp-json\/wp\/v2\/comments?post=28668"}],"version-history":[{"count":1,"href":"https:\/\/aristeaspa.it\/es\/wp-json\/wp\/v2\/pages\/28668\/revisions"}],"predecessor-version":[{"id":28669,"href":"https:\/\/aristeaspa.it\/es\/wp-json\/wp\/v2\/pages\/28668\/revisions\/28669"}],"wp:attachment":[{"href":"https:\/\/aristeaspa.it\/es\/wp-json\/wp\/v2\/media?parent=28668"}],"curies":[{"name":"wp","href":"https:\/\/api.w.org\/{rel}","templated":true}]}}