{"id":28670,"date":"2024-02-04T17:14:17","date_gmt":"2024-02-04T16:14:17","guid":{"rendered":"https:\/\/aristeaspa.it\/news\/"},"modified":"2026-02-06T20:14:11","modified_gmt":"2026-02-06T19:14:11","slug":"news","status":"publish","type":"page","link":"https:\/\/aristeaspa.it\/en\/news\/","title":{"rendered":"News"},"content":{"rendered":"\t\t<div data-elementor-type=\"wp-page\" data-elementor-id=\"28670\" class=\"elementor elementor-28670 elementor-28068\">\n\t\t\t\t\t\t<section class=\"elementor-section elementor-top-section elementor-element elementor-element-ae2ba30 elementor-section-boxed elementor-section-height-default elementor-section-height-default\" data-id=\"ae2ba30\" data-element_type=\"section\" data-e-type=\"section\">\n\t\t\t\t\t\t<div class=\"elementor-container elementor-column-gap-wider\">\n\t\t\t\t\t<div class=\"elementor-column elementor-col-66 elementor-top-column elementor-element elementor-element-101caa5\" data-id=\"101caa5\" data-element_type=\"column\" data-e-type=\"column\">\n\t\t\t<div class=\"elementor-widget-wrap elementor-element-populated\">\n\t\t\t\t\n\t\t<div class=\"elementor-element elementor-element-c27f167 arrow-style-1 elementor-widget elementor-widget-shopio-post-grid\" data-id=\"c27f167\" data-element_type=\"widget\" data-e-type=\"widget\" data-widget_type=\"shopio-post-grid.default\">\n\t\t\t\t<div class=\"elementor-widget-container\">\n\t\t\t\t\t        <div class=\"elementor-post-wrapper layout-post-style-3\">\n            <div class=\"row\" data-elementor-columns=\"1\" data-elementor-columns-tablet=\"2\" data-elementor-columns-mobile=\"1\">\n\n                <div class=\"column-item post-style-3\">\n    <div class=\"post-inner\">\n        <div class=\"post-thumbnail\"><div class=\"posted-on-square\"><a href=\"https:\/\/aristeaspa.it\/en\/aristea-receives-funding-for-the-plastop-sustainability-project\/\" rel=\"bookmark\"><b>6<\/b>Feb<\/a><\/div><img fetchpriority=\"high\" decoding=\"async\" width=\"820\" height=\"500\" src=\"https:\/\/aristeaspa.it\/wp-content\/uploads\/2025\/03\/scoperta-imprenditoriale-820x500.jpeg\" class=\"attachment-shopio-post-grid size-shopio-post-grid wp-post-image\" alt=\"\" \/><\/div>        <div class=\"entry-content\">\n            <div class=\"entry-meta\">\n                 <div class=\"categories-link\"><span class=\"screen-reader-text\">Categories<\/span><a href=\"https:\/\/aristeaspa.it\/en\/category\/news\/\" rel=\"category tag\">News<\/a><\/div> <div class=\"post-author\"><span><a href=\"https:\/\/aristeaspa.it\/en\/author\/m-ferrigno\/\" class=\"url fn\" rel=\"author\">m.ferrigno<\/a><\/span><\/div>            <div class=\"meta-reply\">\n                <span>Comments Off<span class=\"screen-reader-text\"> on ARISTEA Receives Funding for the PLASTOP Sustainability Project<\/span><\/span>            <\/div>\n                        <\/div>\n            <h3 class=\"entry-title\"><a href=\"https:\/\/aristeaspa.it\/en\/aristea-receives-funding-for-the-plastop-sustainability-project\/\" rel=\"bookmark\">ARISTEA Receives Funding for the PLASTOP Sustainability Project<\/a><\/h3>            <p>With grant decree no. 593 of 13-03-2025, Aristea SpA has been granted total funding of \u20ac1,436,322.00 against an approved investment of \u20ac1,915,096.00 under the National&hellip;<\/p>\n            <div class=\"more-link-wrap\">\n                <a class=\"more-link\" href=\"https:\/\/aristeaspa.it\/en\/aristea-receives-funding-for-the-plastop-sustainability-project\/\">Read More<i class=\"shopio-icon-right-arrow\"><\/i><\/a>\n            <\/div>\n        <\/div>\n    <\/div>\n<\/div>\n<div class=\"column-item post-style-3\">\n    <div class=\"post-inner\">\n        <div class=\"post-thumbnail\"><div class=\"posted-on-square\"><a href=\"https:\/\/aristeaspa.it\/en\/interview-on-gdoweek\/\" rel=\"bookmark\"><b>6<\/b>Feb<\/a><\/div><img decoding=\"async\" width=\"720\" height=\"500\" src=\"https:\/\/aristeaspa.it\/wp-content\/uploads\/2024\/04\/WhatsApp-Image-2024-04-10-at-12.36.13-720x500.jpeg\" class=\"attachment-shopio-post-grid size-shopio-post-grid wp-post-image\" alt=\"\" \/><\/div>        <div class=\"entry-content\">\n            <div class=\"entry-meta\">\n                 <div class=\"categories-link\"><span class=\"screen-reader-text\">Categories<\/span><a href=\"https:\/\/aristeaspa.it\/en\/category\/interviews\/\" rel=\"category tag\">Interviews<\/a><\/div> <div class=\"post-author\"><span><a href=\"https:\/\/aristeaspa.it\/en\/author\/m-ferrigno\/\" class=\"url fn\" rel=\"author\">m.ferrigno<\/a><\/span><\/div>            <div class=\"meta-reply\">\n                <span>Comments Off<span class=\"screen-reader-text\"> on Interview on GDOWeek<\/span><\/span>            <\/div>\n                        <\/div>\n            <h3 class=\"entry-title\"><a href=\"https:\/\/aristeaspa.it\/en\/interview-on-gdoweek\/\" rel=\"bookmark\">Interview on GDOWeek<\/a><\/h3>            <p>An article featuring an interview with Guido Del Vecchio, Sales Director of Aristea S.p.A., was published on GDOWeek. We discuss Aristea&#8217;s latest challenges, balancing research&hellip;<\/p>\n            <div class=\"more-link-wrap\">\n                <a class=\"more-link\" href=\"https:\/\/aristeaspa.it\/en\/interview-on-gdoweek\/\">Read More<i class=\"shopio-icon-right-arrow\"><\/i><\/a>\n            <\/div>\n        <\/div>\n    <\/div>\n<\/div>\n<div class=\"column-item post-style-3\">\n    <div class=\"post-inner\">\n        <div class=\"post-thumbnail\"><div class=\"posted-on-square\"><a href=\"https:\/\/aristeaspa.it\/en\/losapeviche-3\/\" rel=\"bookmark\"><b>6<\/b>Feb<\/a><\/div><img decoding=\"async\" width=\"820\" height=\"500\" src=\"https:\/\/aristeaspa.it\/wp-content\/uploads\/2021\/12\/Aristea-blog-1200x675-2-820x500.jpg\" class=\"attachment-shopio-post-grid size-shopio-post-grid wp-post-image\" alt=\"\" \/><\/div>        <div class=\"entry-content\">\n            <div class=\"entry-meta\">\n                 <div class=\"categories-link\"><span class=\"screen-reader-text\">Categories<\/span><a href=\"https:\/\/aristeaspa.it\/en\/category\/losapeviche\/\" rel=\"category tag\">#LoSapeviChe\u2026<\/a><\/div> <div class=\"post-author\"><span><a href=\"https:\/\/aristeaspa.it\/en\/author\/miriam\/\" class=\"url fn\" rel=\"author\">miriam<\/a><\/span><\/div>            <div class=\"meta-reply\">\n                <span>Comments Off<span class=\"screen-reader-text\"> on #LoSapeviChe\u2026<\/span><\/span>            <\/div>\n                        <\/div>\n            <h3 class=\"entry-title\"><a href=\"https:\/\/aristeaspa.it\/en\/losapeviche-3\/\" rel=\"bookmark\">#LoSapeviChe\u2026<\/a><\/h3>            <p>Project Circleg is the name of the Zurich startup that combines virtuous recycling with the concept of a solidarity project. Thanks to plastic recovered from&hellip;<\/p>\n            <div class=\"more-link-wrap\">\n                <a class=\"more-link\" href=\"https:\/\/aristeaspa.it\/en\/losapeviche-3\/\">Read More<i class=\"shopio-icon-right-arrow\"><\/i><\/a>\n            <\/div>\n        <\/div>\n    <\/div>\n<\/div>\n<div class=\"column-item post-style-3\">\n    <div class=\"post-inner\">\n        <div class=\"post-thumbnail\"><div class=\"posted-on-square\"><a href=\"https:\/\/aristeaspa.it\/en\/losapeviche-2\/\" rel=\"bookmark\"><b>6<\/b>Feb<\/a><\/div><img loading=\"lazy\" decoding=\"async\" width=\"820\" height=\"500\" src=\"https:\/\/aristeaspa.it\/wp-content\/uploads\/2021\/12\/Aristea-blog-1-1200x675-1-820x500.jpg\" class=\"attachment-shopio-post-grid size-shopio-post-grid wp-post-image\" alt=\"\" \/><\/div>        <div class=\"entry-content\">\n            <div class=\"entry-meta\">\n                 <div class=\"categories-link\"><span class=\"screen-reader-text\">Categories<\/span><a href=\"https:\/\/aristeaspa.it\/en\/category\/losapeviche\/\" rel=\"category tag\">#LoSapeviChe\u2026<\/a><\/div> <div class=\"post-author\"><span><a href=\"https:\/\/aristeaspa.it\/en\/author\/miriam\/\" class=\"url fn\" rel=\"author\">miriam<\/a><\/span><\/div>            <div class=\"meta-reply\">\n                <span>Comments Off<span class=\"screen-reader-text\"> on #LoSapeviChe\u2026<\/span><\/span>            <\/div>\n                        <\/div>\n            <h3 class=\"entry-title\"><a href=\"https:\/\/aristeaspa.it\/en\/losapeviche-2\/\" rel=\"bookmark\">#LoSapeviChe\u2026<\/a><\/h3>            <p>We have often discussed circular economy as a solution to the pollution problem without, however, giving up the absolute utility and functionality of plastic products.&hellip;<\/p>\n            <div class=\"more-link-wrap\">\n                <a class=\"more-link\" href=\"https:\/\/aristeaspa.it\/en\/losapeviche-2\/\">Read More<i class=\"shopio-icon-right-arrow\"><\/i><\/a>\n            <\/div>\n        <\/div>\n    <\/div>\n<\/div>\n<div class=\"column-item post-style-3\">\n    <div class=\"post-inner\">\n        <div class=\"post-thumbnail\"><div class=\"posted-on-square\"><a href=\"https:\/\/aristeaspa.it\/en\/losapeviche\/\" rel=\"bookmark\"><b>6<\/b>Feb<\/a><\/div><img loading=\"lazy\" decoding=\"async\" width=\"820\" height=\"500\" src=\"https:\/\/aristeaspa.it\/wp-content\/uploads\/2021\/12\/Aristea-blog-1200x675-1-820x500.jpg\" class=\"attachment-shopio-post-grid size-shopio-post-grid wp-post-image\" alt=\"\" \/><\/div>        <div class=\"entry-content\">\n            <div class=\"entry-meta\">\n                 <div class=\"categories-link\"><span class=\"screen-reader-text\">Categories<\/span><a href=\"https:\/\/aristeaspa.it\/en\/category\/losapeviche\/\" rel=\"category tag\">#LoSapeviChe\u2026<\/a><\/div> <div class=\"post-author\"><span><a href=\"https:\/\/aristeaspa.it\/en\/author\/miriam\/\" class=\"url fn\" rel=\"author\">miriam<\/a><\/span><\/div>            <div class=\"meta-reply\">\n                <span>Comments Off<span class=\"screen-reader-text\"> on #LoSapeviChe\u2026<\/span><\/span>            <\/div>\n                        <\/div>\n            <h3 class=\"entry-title\"><a href=\"https:\/\/aristeaspa.it\/en\/losapeviche\/\" rel=\"bookmark\">#LoSapeviChe\u2026<\/a><\/h3>            <p>The Italy Pavilion at Expo 2020 is almost entirely made from recycled materials. In addition to plastic, which is the most prevalent, there are spirulina&hellip;<\/p>\n            <div class=\"more-link-wrap\">\n                <a class=\"more-link\" href=\"https:\/\/aristeaspa.it\/en\/losapeviche\/\">Read More<i class=\"shopio-icon-right-arrow\"><\/i><\/a>\n            <\/div>\n        <\/div>\n    <\/div>\n<\/div>\n            <\/div>\n\n                    <\/div>\n        \t\t\t\t<\/div>\n\t\t\t\t<\/div>\n\t\t\t\t\t<\/div>\n\t\t<\/div>\n\t\t\t\t<div class=\"elementor-column elementor-col-33 elementor-top-column elementor-element elementor-element-f835dfc\" data-id=\"f835dfc\" data-element_type=\"column\" data-e-type=\"column\">\n\t\t\t<div class=\"elementor-widget-wrap elementor-element-populated\">\n\t\t\t\t\t\t<div class=\"elementor-element elementor-element-a83f487 elementor-widget elementor-widget-sidebar\" data-id=\"a83f487\" data-element_type=\"widget\" data-e-type=\"widget\" data-widget_type=\"sidebar.default\">\n\t\t\t\t<div class=\"elementor-widget-container\">\n\t\t\t\t\t<div id=\"block-2\" class=\"widget widget_block widget_search\"><form role=\"search\" method=\"get\" action=\"https:\/\/aristeaspa.it\/en\/\" class=\"wp-block-search__button-outside wp-block-search__text-button wp-block-search\"    ><label class=\"wp-block-search__label\" for=\"wp-block-search__input-1\" >Search<\/label><div class=\"wp-block-search__inside-wrapper\" ><input class=\"wp-block-search__input\" id=\"wp-block-search__input-1\" placeholder=\"\" value=\"\" type=\"search\" name=\"s\" required \/><button aria-label=\"Search\" class=\"wp-block-search__button wp-element-button\" type=\"submit\" >Search<\/button><\/div><\/form><\/div>\t\t<div id=\"recent-posts-1\" class=\"widget widget_recent_entries\">\t\t<span class=\"gamma widget-title\"><span>Recent Posts<\/span><\/span>\t\t<ul>\n\t\t\t\t\t\t\t\t\t\t\t<li>\n\t\t\t\t\t<div class=\"recent-posts-thumbnail\">\n\t\t\t\t\t\t<a href=\"https:\/\/aristeaspa.it\/en\/aristea-receives-funding-for-the-plastop-sustainability-project\/\">\n\t\t\t\t\t\t\t<img loading=\"lazy\" decoding=\"async\" width=\"150\" height=\"150\" src=\"https:\/\/aristeaspa.it\/wp-content\/uploads\/2025\/03\/scoperta-imprenditoriale-150x150.jpeg\" class=\"attachment-thumbnail size-thumbnail wp-post-image\" alt=\"\" srcset=\"https:\/\/aristeaspa.it\/wp-content\/uploads\/2025\/03\/scoperta-imprenditoriale-150x150.jpeg 150w, https:\/\/aristeaspa.it\/wp-content\/uploads\/2025\/03\/scoperta-imprenditoriale-100x100.jpeg 100w, https:\/\/aristeaspa.it\/wp-content\/uploads\/2025\/03\/scoperta-imprenditoriale-50x50.jpeg 50w, https:\/\/aristeaspa.it\/wp-content\/uploads\/2025\/03\/scoperta-imprenditoriale-600x600.jpeg 600w, https:\/\/aristeaspa.it\/wp-content\/uploads\/2025\/03\/scoperta-imprenditoriale-96x96.jpeg 96w, https:\/\/aristeaspa.it\/wp-content\/uploads\/2025\/03\/scoperta-imprenditoriale-460x460.jpeg 460w\" sizes=\"(max-width: 150px) 100vw, 150px\" \/>\t\t\t\t\t\t<\/a>\n\t\t\t\t\t<\/div>\n\t\t\t\t\t<div class=\"recent-posts-info\">\n                        \t\t\t\t\t\t<h4 class=\"post-title\"><a href=\"https:\/\/aristeaspa.it\/en\/aristea-receives-funding-for-the-plastop-sustainability-project\/\">ARISTEA Receives Funding for the PLASTOP Sustainability Project<\/a><\/h4>\n\t\t\t\t\t<\/div>\n\n\t\t\t\t<\/li>\n\t\t\t\t\t\t\t\t\t\t\t<li>\n\t\t\t\t\t<div class=\"recent-posts-thumbnail\">\n\t\t\t\t\t\t<a href=\"https:\/\/aristeaspa.it\/en\/interview-on-gdoweek\/\">\n\t\t\t\t\t\t\t<img loading=\"lazy\" decoding=\"async\" width=\"150\" height=\"150\" src=\"https:\/\/aristeaspa.it\/wp-content\/uploads\/2024\/04\/WhatsApp-Image-2024-04-10-at-12.36.13-150x150.jpeg\" class=\"attachment-thumbnail size-thumbnail wp-post-image\" alt=\"\" srcset=\"https:\/\/aristeaspa.it\/wp-content\/uploads\/2024\/04\/WhatsApp-Image-2024-04-10-at-12.36.13-150x150.jpeg 150w, https:\/\/aristeaspa.it\/wp-content\/uploads\/2024\/04\/WhatsApp-Image-2024-04-10-at-12.36.13-100x100.jpeg 100w, https:\/\/aristeaspa.it\/wp-content\/uploads\/2024\/04\/WhatsApp-Image-2024-04-10-at-12.36.13-50x50.jpeg 50w, https:\/\/aristeaspa.it\/wp-content\/uploads\/2024\/04\/WhatsApp-Image-2024-04-10-at-12.36.13-600x600.jpeg 600w, https:\/\/aristeaspa.it\/wp-content\/uploads\/2024\/04\/WhatsApp-Image-2024-04-10-at-12.36.13-96x96.jpeg 96w, https:\/\/aristeaspa.it\/wp-content\/uploads\/2024\/04\/WhatsApp-Image-2024-04-10-at-12.36.13-460x460.jpeg 460w\" sizes=\"(max-width: 150px) 100vw, 150px\" \/>\t\t\t\t\t\t<\/a>\n\t\t\t\t\t<\/div>\n\t\t\t\t\t<div class=\"recent-posts-info\">\n                        \t\t\t\t\t\t<h4 class=\"post-title\"><a href=\"https:\/\/aristeaspa.it\/en\/interview-on-gdoweek\/\">Interview on GDOWeek<\/a><\/h4>\n\t\t\t\t\t<\/div>\n\n\t\t\t\t<\/li>\n\t\t\t\t\t\t\t\t\t\t\t<li>\n\t\t\t\t\t<div class=\"recent-posts-thumbnail\">\n\t\t\t\t\t\t<a href=\"https:\/\/aristeaspa.it\/en\/losapeviche-3\/\">\n\t\t\t\t\t\t\t<img loading=\"lazy\" decoding=\"async\" width=\"150\" height=\"150\" src=\"https:\/\/aristeaspa.it\/wp-content\/uploads\/2021\/12\/Aristea-blog-1200x675-2-150x150.jpg\" class=\"attachment-thumbnail size-thumbnail wp-post-image\" alt=\"\" srcset=\"https:\/\/aristeaspa.it\/wp-content\/uploads\/2021\/12\/Aristea-blog-1200x675-2-150x150.jpg 150w, https:\/\/aristeaspa.it\/wp-content\/uploads\/2021\/12\/Aristea-blog-1200x675-2-100x100.jpg 100w, https:\/\/aristeaspa.it\/wp-content\/uploads\/2021\/12\/Aristea-blog-1200x675-2-50x50.jpg 50w, https:\/\/aristeaspa.it\/wp-content\/uploads\/2021\/12\/Aristea-blog-1200x675-2-600x600.jpg 600w, https:\/\/aristeaspa.it\/wp-content\/uploads\/2021\/12\/Aristea-blog-1200x675-2-96x96.jpg 96w, https:\/\/aristeaspa.it\/wp-content\/uploads\/2021\/12\/Aristea-blog-1200x675-2-460x460.jpg 460w\" sizes=\"(max-width: 150px) 100vw, 150px\" \/>\t\t\t\t\t\t<\/a>\n\t\t\t\t\t<\/div>\n\t\t\t\t\t<div class=\"recent-posts-info\">\n                        \t\t\t\t\t\t<h4 class=\"post-title\"><a href=\"https:\/\/aristeaspa.it\/en\/losapeviche-3\/\">#LoSapeviChe\u2026<\/a><\/h4>\n\t\t\t\t\t<\/div>\n\n\t\t\t\t<\/li>\n\t\t\t\t\t\t\t\t\t\t\t<li>\n\t\t\t\t\t<div class=\"recent-posts-thumbnail\">\n\t\t\t\t\t\t<a href=\"https:\/\/aristeaspa.it\/en\/losapeviche-2\/\">\n\t\t\t\t\t\t\t<img loading=\"lazy\" decoding=\"async\" width=\"150\" height=\"150\" src=\"https:\/\/aristeaspa.it\/wp-content\/uploads\/2021\/12\/Aristea-blog-1-1200x675-1-150x150.jpg\" class=\"attachment-thumbnail size-thumbnail wp-post-image\" alt=\"\" srcset=\"https:\/\/aristeaspa.it\/wp-content\/uploads\/2021\/12\/Aristea-blog-1-1200x675-1-150x150.jpg 150w, https:\/\/aristeaspa.it\/wp-content\/uploads\/2021\/12\/Aristea-blog-1-1200x675-1-100x100.jpg 100w, https:\/\/aristeaspa.it\/wp-content\/uploads\/2021\/12\/Aristea-blog-1-1200x675-1-50x50.jpg 50w, https:\/\/aristeaspa.it\/wp-content\/uploads\/2021\/12\/Aristea-blog-1-1200x675-1-600x600.jpg 600w, https:\/\/aristeaspa.it\/wp-content\/uploads\/2021\/12\/Aristea-blog-1-1200x675-1-96x96.jpg 96w, https:\/\/aristeaspa.it\/wp-content\/uploads\/2021\/12\/Aristea-blog-1-1200x675-1-460x460.jpg 460w\" sizes=\"(max-width: 150px) 100vw, 150px\" \/>\t\t\t\t\t\t<\/a>\n\t\t\t\t\t<\/div>\n\t\t\t\t\t<div class=\"recent-posts-info\">\n                        \t\t\t\t\t\t<h4 class=\"post-title\"><a href=\"https:\/\/aristeaspa.it\/en\/losapeviche-2\/\">#LoSapeviChe\u2026<\/a><\/h4>\n\t\t\t\t\t<\/div>\n\n\t\t\t\t<\/li>\n\t\t\t\t\t\t\t\t\t\t\t<li>\n\t\t\t\t\t<div class=\"recent-posts-thumbnail\">\n\t\t\t\t\t\t<a href=\"https:\/\/aristeaspa.it\/en\/losapeviche\/\">\n\t\t\t\t\t\t\t<img loading=\"lazy\" decoding=\"async\" width=\"150\" height=\"150\" src=\"https:\/\/aristeaspa.it\/wp-content\/uploads\/2021\/12\/Aristea-blog-1200x675-1-150x150.jpg\" class=\"attachment-thumbnail size-thumbnail wp-post-image\" alt=\"\" srcset=\"https:\/\/aristeaspa.it\/wp-content\/uploads\/2021\/12\/Aristea-blog-1200x675-1-150x150.jpg 150w, https:\/\/aristeaspa.it\/wp-content\/uploads\/2021\/12\/Aristea-blog-1200x675-1-100x100.jpg 100w, https:\/\/aristeaspa.it\/wp-content\/uploads\/2021\/12\/Aristea-blog-1200x675-1-50x50.jpg 50w, https:\/\/aristeaspa.it\/wp-content\/uploads\/2021\/12\/Aristea-blog-1200x675-1-600x600.jpg 600w, https:\/\/aristeaspa.it\/wp-content\/uploads\/2021\/12\/Aristea-blog-1200x675-1-96x96.jpg 96w, https:\/\/aristeaspa.it\/wp-content\/uploads\/2021\/12\/Aristea-blog-1200x675-1-460x460.jpg 460w\" sizes=\"(max-width: 150px) 100vw, 150px\" \/>\t\t\t\t\t\t<\/a>\n\t\t\t\t\t<\/div>\n\t\t\t\t\t<div class=\"recent-posts-info\">\n                        \t\t\t\t\t\t<h4 class=\"post-title\"><a href=\"https:\/\/aristeaspa.it\/en\/losapeviche\/\">#LoSapeviChe\u2026<\/a><\/h4>\n\t\t\t\t\t<\/div>\n\n\t\t\t\t<\/li>\n\t\t\t\t\t<\/ul>\n\t\t<\/div><div id=\"categories-1\" class=\"widget widget_categories\"><span class=\"gamma widget-title\"><span>Blog Categories<\/span><\/span>\n\t\t\t<ul>\n\t\t\t\t\t<li class=\"cat-item cat-item-251\"><a href=\"https:\/\/aristeaspa.it\/en\/category\/losapeviche\/\">#LoSapeviChe\u2026<\/a>\n<\/li>\n\t<li class=\"cat-item cat-item-253\"><a href=\"https:\/\/aristeaspa.it\/en\/category\/interviews\/\">Interviews<\/a>\n<\/li>\n\t<li class=\"cat-item cat-item-250\"><a href=\"https:\/\/aristeaspa.it\/en\/category\/news\/\">News<\/a>\n<\/li>\n\t\t\t<\/ul>\n\n\t\t\t<\/div>\t\t\t\t<\/div>\n\t\t\t\t<\/div>\n\t\t\t\t\t<\/div>\n\t\t<\/div>\n\t\t\t\t\t<\/div>\n\t\t<\/section>\n\t\t\t\t<\/div>\n\t\t","protected":false},"excerpt":{"rendered":"<p>24Mar CategorieNews m.ferrigno Commenti disabilitati su ARISTEA Riceve Agevolazione per il Progetto di Sostenibilit\u00e0 PLASTOP ARISTEA Riceve Agevolazione per il Progetto di Sostenibilit\u00e0 PLASTOP Con il decreto di concessione n. 593 del 13-03-2025 \u00e8 stata concessa alla Aristea Spa un\u2019agevolazione complessiva pari ad \u20ac 1.436.322,00 a fronte di un&hellip; Leggi di pi\u00f9 11Apr CategorieInterviste m.ferrigno [&hellip;]<\/p>\n","protected":false},"author":2,"featured_media":0,"parent":0,"menu_order":0,"comment_status":"closed","ping_status":"closed","template":"","meta":{"inline_featured_image":false,"footnotes":""},"class_list":["post-28670","page","type-page","status-publish","hentry"],"_links":{"self":[{"href":"https:\/\/aristeaspa.it\/en\/wp-json\/wp\/v2\/pages\/28670","targetHints":{"allow":["GET"]}}],"collection":[{"href":"https:\/\/aristeaspa.it\/en\/wp-json\/wp\/v2\/pages"}],"about":[{"href":"https:\/\/aristeaspa.it\/en\/wp-json\/wp\/v2\/types\/page"}],"author":[{"embeddable":true,"href":"https:\/\/aristeaspa.it\/en\/wp-json\/wp\/v2\/users\/2"}],"replies":[{"embeddable":true,"href":"https:\/\/aristeaspa.it\/en\/wp-json\/wp\/v2\/comments?post=28670"}],"version-history":[{"count":1,"href":"https:\/\/aristeaspa.it\/en\/wp-json\/wp\/v2\/pages\/28670\/revisions"}],"predecessor-version":[{"id":28671,"href":"https:\/\/aristeaspa.it\/en\/wp-json\/wp\/v2\/pages\/28670\/revisions\/28671"}],"wp:attachment":[{"href":"https:\/\/aristeaspa.it\/en\/wp-json\/wp\/v2\/media?parent=28670"}],"curies":[{"name":"wp","href":"https:\/\/api.w.org\/{rel}","templated":true}]}}